{"id":3,"date":"2024-01-16T07:12:40","date_gmt":"2024-01-16T07:12:40","guid":{"rendered":"https:\/\/quartierverein-sbe.ch\/?page_id=3"},"modified":"2024-01-31T16:51:29","modified_gmt":"2024-01-31T16:51:29","slug":"privacy-policy","status":"publish","type":"page","link":"https:\/\/quartierverein-sbe.ch\/index.php\/privacy-policy\/","title":{"rendered":"Quartier Stocken\u2013Breite-Eberswil"},"content":{"rendered":"\n<p>Das Quartier f\u00fcr die Zukunft von Bischofszell<\/p>\n\n\n\n<p>Auf einer Karte aus 1850 besteht der Orts-Bereich Breiti aus drei H\u00e4usern, auch im Bereich Stocken standen zu dieser Zeit gerade mal zehn Bauten.<\/p>\n\n\n\n<p>Das Quartier Stocken Breiti ist erst 1996, also vor 20 Jahren von Hauptwil nach Bischofszell eingegliedert worden.<\/p>\n\n\n\n<p>Der Dorfkern \/ Zentrum bildet heute die Ecke Huswiesenstrasse mit Brunnen, Rosen und B\u00e4nkli.<\/p>\n\n\n\n<p>Der neu eingerichtete Park liegt gegen\u00fcber des ehemaligen Restaurant Landhaus, heute&nbsp;Restaurant Tai-Chi.<\/p>\n\n\n\n<p>Das Quartier Stocken \u2013 Breiti hat sicherlich in den n\u00e4chsten Jahren das h\u00f6chste Entwicklungspotenzial, nicht nur f\u00fcr Bauland.<\/p>\n\n\n\n<p>Die l\u00e4ndliche Umgebung und die hohe Wohnqualit\u00e4t in diesem Ortsbereich von Bischofszell ist f\u00fcr junge Familien und auch \u00e4ltere Bewohner sehr attraktiv.<\/p>\n\n\n\n<p>In den letzten Jahren sind Richtung Osten etliche neue Quartierstrassen und Einfamilienh\u00e4user entstanden.<\/p>\n\n\n\n<p>Im Ortsteil Stocken entstehen durch die neue \u00dcberbauung zahlreiche Miet und Eigentumswohnungen.<\/p>\n\n\n\n<p>Das Quartier Stocken \u2013 Breiti wird auch in den n\u00e4chsten Jahren zu den attraktivsten Regionen von Bischofszell geh\u00f6ren.<\/p>\n\n\n\n<p>Der Quartierverein Stocken \u2013 Breiti \u2013 Eberswil unterst\u00fctzt durch seine jahrlichen Anl\u00e4sse den Zusammenhalt und den Kontakt unter den Quartierbewohner.<\/p>\n\n\n\n<p><strong><a href=\"https:\/\/www.quartierverein-sbe.ch\/wp-content\/uploads\/2018\/12\/Stocken-Breiti-Plakat.pdf\">Stocken-Breiti Plakat<\/a><\/strong><\/p>\n","protected":false},"excerpt":{"rendered":"<p>Das Quartier f\u00fcr die Zukunft von Bischofszell Auf einer Karte aus 1850 besteht der Orts-Bereich Breiti aus drei H\u00e4usern, auch im Bereich Stocken standen zu dieser Zeit gerade mal zehn Bauten. Das Quartier Stocken Breiti ist erst 1996, also vor 20 Jahren von Hauptwil nach Bischofszell eingegliedert worden. Der Dorfkern \/ Zentrum bildet heute die &hellip; <\/p>\n<p class=\"link-more\"><a href=\"https:\/\/quartierverein-sbe.ch\/index.php\/privacy-policy\/\" class=\"more-link\"><span class=\"screen-reader-text\">\u201eQuartier Stocken\u2013Breite-Eberswil\u201c<\/span> weiterlesen<\/a><\/p>\n","protected":false},"author":1,"featured_media":0,"parent":0,"menu_order":0,"comment_status":"closed","ping_status":"closed","template":"","meta":{"ngg_post_thumbnail":0,"footnotes":""},"class_list":["post-3","page","type-page","status-publish","hentry"],"_links":{"self":[{"href":"https:\/\/quartierverein-sbe.ch\/index.php\/wp-json\/wp\/v2\/pages\/3","targetHints":{"allow":["GET"]}}],"collection":[{"href":"https:\/\/quartierverein-sbe.ch\/index.php\/wp-json\/wp\/v2\/pages"}],"about":[{"href":"https:\/\/quartierverein-sbe.ch\/index.php\/wp-json\/wp\/v2\/types\/page"}],"author":[{"embeddable":true,"href":"https:\/\/quartierverein-sbe.ch\/index.php\/wp-json\/wp\/v2\/users\/1"}],"replies":[{"embeddable":true,"href":"https:\/\/quartierverein-sbe.ch\/index.php\/wp-json\/wp\/v2\/comments?post=3"}],"version-history":[{"count":2,"href":"https:\/\/quartierverein-sbe.ch\/index.php\/wp-json\/wp\/v2\/pages\/3\/revisions"}],"predecessor-version":[{"id":65,"href":"https:\/\/quartierverein-sbe.ch\/index.php\/wp-json\/wp\/v2\/pages\/3\/revisions\/65"}],"wp:attachment":[{"href":"https:\/\/quartierverein-sbe.ch\/index.php\/wp-json\/wp\/v2\/media?parent=3"}],"curies":[{"name":"wp","href":"https:\/\/api.w.org\/{rel}","templated":true}]}}